{"id":670,"date":"2025-11-19T17:45:36","date_gmt":"2025-11-19T17:45:36","guid":{"rendered":"https:\/\/stag.palatodigital.com\/?page_id=670"},"modified":"2025-11-21T18:30:31","modified_gmt":"2025-11-21T18:30:31","slug":"politica-de-cookies","status":"publish","type":"page","link":"https:\/\/palatodigital.com\/en\/politica-de-cookies\/","title":{"rendered":"Cookies Policy"},"content":{"rendered":"<div id=\"fws_69e195e706b4e\"  data-column-margin=\"default\" data-midnight=\"dark\"  class=\"wpb_row vc_row-fluid vc_row full-width-section has-row-bg-color\" data-using-ctc=\"true\" style=\"padding-top: 50px; padding-bottom: 50px; color: var(--nectar-page-text-color,#ffffff); --row-bg-color: #000000;\"><div class=\"row-bg-wrap\" data-bg-animation=\"none\" data-bg-animation-delay=\"\" data-bg-overlay=\"false\"><div class=\"inner-wrap row-bg-layer\" ><div class=\"row-bg viewport-desktop using-bg-color\"  style=\"background-color: #000000; \"><\/div><\/div><\/div><div class=\"row_col_wrap_12 col span_12 custom left\">\n\t<div  class=\"vc_col-sm-12 wpb_column column_container vc_column_container col no-extra-padding inherit_tablet inherit_phone\"  data-padding-pos=\"all\" data-has-bg-color=\"false\" data-bg-color=\"\" data-bg-opacity=\"1\" data-animation=\"\" data-delay=\"0\" >\n\t\t<div class=\"vc_column-inner\" >\n\t\t\t<div class=\"wpb_wrapper\">\n\t\t\t\t\n<div class=\"wpb_text_column wpb_content_element\" >\n\t<h2 class=\"wp-block-heading\">Palato Digital Cookies Policy<\/h2>\n<p>At Palato Digital, we use cookies and similar technologies to improve your browsing experience on our website. Therefore, our Cookie Policy explains what cookies are, how we use them, and how you can manage your preferences.<\/p>\n<h3 style=\"text-align: left;\">1. What are cookies?<\/h3>\n<p>Cookies are small text files stored on your device when you visit a website. Essentially, they collect information about your browsing and preferences, enabling the website to function properly and providing a personalised experience.<\/p>\n<p>In addition, cookies may be <strong>temporary (session)<\/strong>, which are deleted when you close your browser; or <strong>persistent<\/strong>, which remain on the device for a specified period of time.<\/p>\n<p>For more details on how we protect your data, please see our <a href=\"http:\/\/alcmena.pt\/en\/politica-de-privacidade\/\">Privacy Policy.<\/a><\/p>\n<h3>2. How do we use Cookies?<\/h3>\n<p>At Palato Digital, we use cookies for different purposes. This allows us to guarantee an efficient and tailored user experience:<\/p>\n<ul data-spread=\"false\">\n<li><strong>Necessary Cookies:<\/strong> essential for the functioning of the website. Without them, certain features may not be available.<\/li>\n<li><strong>Analytical Cookies:<\/strong> help us understand how users interact with the website. This allows us to improve the experience.<\/li>\n<li><strong>Functionality Cookies:<\/strong> allow you to remember user preferences, such as language and custom settings. This way, you do not need to repeat these choices on each visit.<\/li>\n<\/ul>\n<p>It is also important to note that the cookies we use do not store sensitive personal information, such as bank details or passwords.<\/p>\n<h3>3. Cookies Used<\/h3>\n<p><strong>3.1. Necessary Cookies<\/strong><\/p>\n<p>These cookies ensure the proper functioning of the website and cannot be disabled in our systems.<\/p>\n<ul data-spread=\"false\">\n<li><strong>cookieyes-consent<\/strong> (Duration: 1 year) \u2192 Records the user's consent preferences.<\/li>\n<\/ul>\n<p><strong>3.2. Analytical Cookies<\/strong><\/p>\n<p>We use the <strong>Google Analytics<\/strong> to collect anonymous information about user interaction. With this information, we are able to optimise the performance of the website.<\/p>\n<ul data-spread=\"false\">\n<li><strong>_ga<\/strong> (Duration: 1 year 1 month 4 days) \u2192 Used by Google Analytics to calculate visitor, session, and campaign data.<\/li>\n<li><em><strong>ga<\/strong><\/em>* (Duration: 1 year 1 month 4 days) \u2192 Used by Google Analytics to store and count page views.<\/li>\n<\/ul>\n<p>In addition, these cookies help us analyse trends and improve the website without collecting personally identifiable information.<\/p>\n<h3>4. Cookie Preference Management<\/h3>\n<p>You can manage your cookie preferences at any time, either through your browser settings or through our <strong>cookie consent banner<\/strong>.<\/p>\n<p><strong>How to Change Settings in Your Browser:<\/strong><\/p>\n<p>Browsers allow you to block or delete cookies. Below, we provide links to instructions on how to manage cookies in the most common browsers:<\/p>\n<ul data-spread=\"false\">\n<li><strong>Google Chrome:<\/strong> <a href=\"https:\/\/support.google.com\/accounts\/answer\/32050\">Manage Cookies<\/a><\/li>\n<li><strong>Mozilla Firefox:<\/strong> <a href=\"https:\/\/support.mozilla.org\/pt-PT\/kb\/ativar-desativar-cookies\">Manage Cookies<\/a><\/li>\n<li><strong>Safari:<\/strong> <a href=\"https:\/\/support.apple.com\/pt-pt\/guide\/safari\/sfri11471\/mac\">Manage Cookies<\/a><\/li>\n<li><strong>Microsoft Edge:<\/strong> <a href=\"https:\/\/support.microsoft.com\/pt-pt\/help\/4027947\/microsoft-edge-delete-cookies\">Manage Cookies<\/a><\/li>\n<\/ul>\n<p>If you use another browser, we recommend that you consult its support page.<\/p>\n<h3>5. Updates to this Policy<\/h3>\n<p>We may update this Cookie Policy from time to time, either to reflect legal or operational changes. However, whenever this happens, it will be communicated via our website.<\/p>\n<h3>6. Links to Third Party Websites<\/h3>\n<p>Our website may contain links to third-party websites. However, this Cookie Policy applies exclusively to the Palato Digital website. We therefore recommend that users read the policies of external websites before providing personal data.<\/p>\n<h3>7. Changes to this Cookies Policy<\/h3>\n<p>This Policy may be updated periodically to reflect changes in our services or legal requirements. We therefore recommend that you review it regularly. Furthermore, your continued use of the website after any changes will be interpreted as your acceptance of those changes.<\/p>\n<h3>8. Contact<\/h3>\n<p>Finally, if you have any questions, concerns or requests regarding this Cookie Policy, you can contact us via our <a href=\"\/en\/contacto\/\">contact page<\/a>.<\/p>\n<p><strong>Date of Publication:<\/strong> 21 November 2025<br \/><strong>Last update:<\/strong> 21 November 2025<\/p>\n<\/div>\n\n\n\n\n\t\t\t<\/div> \n\t\t<\/div>\n\t<\/div> \n<\/div><\/div>","protected":false},"excerpt":{"rendered":"Pol\u00edtica de Cookies do Palato Digital No Palato Digital, utilizamos cookies e tecnologias semelhantes para melhorar a experi\u00eancia de navega\u00e7\u00e3o no nosso website. Por isso, a Pol\u00edtica de Cookies explica...","protected":false},"author":1,"featured_media":0,"parent":0,"menu_order":0,"comment_status":"closed","ping_status":"closed","template":"","meta":{"footnotes":""},"class_list":["post-670","page","type-page","status-publish"],"yoast_head":"<!-- This site is optimized with the Yoast SEO plugin v27.1.1 - https:\/\/yoast.com\/product\/yoast-seo-wordpress\/ -->\n<title>Pol\u00edtica de Cookies - Palato Digital<\/title>\n<meta name=\"robots\" content=\"index, follow, max-snippet:-1, max-image-preview:large, max-video-preview:-1\" \/>\n<link rel=\"canonical\" href=\"https:\/\/palatodigital.com\/en\/politica-de-cookies\/\" \/>\n<meta property=\"og:locale\" content=\"en_GB\" \/>\n<meta property=\"og:type\" content=\"article\" \/>\n<meta property=\"og:title\" content=\"Pol\u00edtica de Cookies - Palato Digital\" \/>\n<meta property=\"og:url\" content=\"https:\/\/palatodigital.com\/en\/politica-de-cookies\/\" \/>\n<meta property=\"og:site_name\" content=\"Palato Digital\" \/>\n<meta property=\"article:publisher\" content=\"https:\/\/www.facebook.com\/palatodigitalcom\" \/>\n<meta property=\"article:modified_time\" content=\"2025-11-21T18:30:31+00:00\" \/>\n<meta name=\"twitter:card\" content=\"summary_large_image\" \/>\n<meta name=\"twitter:label1\" content=\"Estimated reading time\" \/>\n\t<meta name=\"twitter:data1\" content=\"4 minutes\" \/>\n<script type=\"application\/ld+json\" class=\"yoast-schema-graph\">{\"@context\":\"https:\/\/schema.org\",\"@graph\":[{\"@type\":\"WebPage\",\"@id\":\"https:\/\/palatodigital.com\/politica-de-cookies\/\",\"url\":\"https:\/\/palatodigital.com\/politica-de-cookies\/\",\"name\":\"Pol\u00edtica de Cookies - Palato Digital\",\"isPartOf\":{\"@id\":\"https:\/\/palatodigital.com\/#website\"},\"datePublished\":\"2025-11-19T17:45:36+00:00\",\"dateModified\":\"2025-11-21T18:30:31+00:00\",\"breadcrumb\":{\"@id\":\"https:\/\/palatodigital.com\/politica-de-cookies\/#breadcrumb\"},\"inLanguage\":\"en-GB\",\"potentialAction\":[{\"@type\":\"ReadAction\",\"target\":[\"https:\/\/palatodigital.com\/politica-de-cookies\/\"]}]},{\"@type\":\"BreadcrumbList\",\"@id\":\"https:\/\/palatodigital.com\/politica-de-cookies\/#breadcrumb\",\"itemListElement\":[{\"@type\":\"ListItem\",\"position\":1,\"name\":\"Home\",\"item\":\"https:\/\/palatodigital.com\/\"},{\"@type\":\"ListItem\",\"position\":2,\"name\":\"Pol\u00edtica de Cookies\"}]},{\"@type\":\"WebSite\",\"@id\":\"https:\/\/palatodigital.com\/#website\",\"url\":\"https:\/\/palatodigital.com\/\",\"name\":\"Palato Digital\",\"description\":\"O sabor da inova\u00e7\u00e3o digital\",\"publisher\":{\"@id\":\"https:\/\/palatodigital.com\/#organization\"},\"potentialAction\":[{\"@type\":\"SearchAction\",\"target\":{\"@type\":\"EntryPoint\",\"urlTemplate\":\"https:\/\/palatodigital.com\/?s={search_term_string}\"},\"query-input\":{\"@type\":\"PropertyValueSpecification\",\"valueRequired\":true,\"valueName\":\"search_term_string\"}}],\"inLanguage\":\"en-GB\"},{\"@type\":\"Organization\",\"@id\":\"https:\/\/palatodigital.com\/#organization\",\"name\":\"Palato Digital\",\"url\":\"https:\/\/palatodigital.com\/\",\"logo\":{\"@type\":\"ImageObject\",\"inLanguage\":\"en-GB\",\"@id\":\"https:\/\/palatodigital.com\/#\/schema\/logo\/image\/\",\"url\":\"https:\/\/palatodigital.com\/wp-content\/uploads\/2025\/11\/site_logo.png\",\"contentUrl\":\"https:\/\/palatodigital.com\/wp-content\/uploads\/2025\/11\/site_logo.png\",\"width\":535,\"height\":54,\"caption\":\"Palato Digital\"},\"image\":{\"@id\":\"https:\/\/palatodigital.com\/#\/schema\/logo\/image\/\"},\"sameAs\":[\"https:\/\/www.facebook.com\/palatodigitalcom\",\"https:\/\/www.instagram.com\/palatodigitalcom\",\"https:\/\/www.linkedin.com\/company\/palatodigitalcom\",\"https:\/\/www.behance.net\/palatodigitalcom\"]}]}<\/script>\n<!-- \/ Yoast SEO plugin. -->","yoast_head_json":{"title":"Pol\u00edtica de Cookies - Palato Digital","robots":{"index":"index","follow":"follow","max-snippet":"max-snippet:-1","max-image-preview":"max-image-preview:large","max-video-preview":"max-video-preview:-1"},"canonical":"https:\/\/palatodigital.com\/en\/politica-de-cookies\/","og_locale":"en_GB","og_type":"article","og_title":"Pol\u00edtica de Cookies - Palato Digital","og_url":"https:\/\/palatodigital.com\/en\/politica-de-cookies\/","og_site_name":"Palato Digital","article_publisher":"https:\/\/www.facebook.com\/palatodigitalcom","article_modified_time":"2025-11-21T18:30:31+00:00","twitter_card":"summary_large_image","twitter_misc":{"Estimated reading time":"4 minutes"},"schema":{"@context":"https:\/\/schema.org","@graph":[{"@type":"WebPage","@id":"https:\/\/palatodigital.com\/politica-de-cookies\/","url":"https:\/\/palatodigital.com\/politica-de-cookies\/","name":"Pol\u00edtica de Cookies - Palato Digital","isPartOf":{"@id":"https:\/\/palatodigital.com\/#website"},"datePublished":"2025-11-19T17:45:36+00:00","dateModified":"2025-11-21T18:30:31+00:00","breadcrumb":{"@id":"https:\/\/palatodigital.com\/politica-de-cookies\/#breadcrumb"},"inLanguage":"en-GB","potentialAction":[{"@type":"ReadAction","target":["https:\/\/palatodigital.com\/politica-de-cookies\/"]}]},{"@type":"BreadcrumbList","@id":"https:\/\/palatodigital.com\/politica-de-cookies\/#breadcrumb","itemListElement":[{"@type":"ListItem","position":1,"name":"Home","item":"https:\/\/palatodigital.com\/"},{"@type":"ListItem","position":2,"name":"Pol\u00edtica de Cookies"}]},{"@type":"WebSite","@id":"https:\/\/palatodigital.com\/#website","url":"https:\/\/palatodigital.com\/","name":"Palato Digital","description":"O sabor da inova\u00e7\u00e3o digital","publisher":{"@id":"https:\/\/palatodigital.com\/#organization"},"potentialAction":[{"@type":"SearchAction","target":{"@type":"EntryPoint","urlTemplate":"https:\/\/palatodigital.com\/?s={search_term_string}"},"query-input":{"@type":"PropertyValueSpecification","valueRequired":true,"valueName":"search_term_string"}}],"inLanguage":"en-GB"},{"@type":"Organization","@id":"https:\/\/palatodigital.com\/#organization","name":"Palato Digital","url":"https:\/\/palatodigital.com\/","logo":{"@type":"ImageObject","inLanguage":"en-GB","@id":"https:\/\/palatodigital.com\/#\/schema\/logo\/image\/","url":"https:\/\/palatodigital.com\/wp-content\/uploads\/2025\/11\/site_logo.png","contentUrl":"https:\/\/palatodigital.com\/wp-content\/uploads\/2025\/11\/site_logo.png","width":535,"height":54,"caption":"Palato Digital"},"image":{"@id":"https:\/\/palatodigital.com\/#\/schema\/logo\/image\/"},"sameAs":["https:\/\/www.facebook.com\/palatodigitalcom","https:\/\/www.instagram.com\/palatodigitalcom","https:\/\/www.linkedin.com\/company\/palatodigitalcom","https:\/\/www.behance.net\/palatodigitalcom"]}]}},"_links":{"self":[{"href":"https:\/\/palatodigital.com\/en\/wp-json\/wp\/v2\/pages\/670","targetHints":{"allow":["GET"]}}],"collection":[{"href":"https:\/\/palatodigital.com\/en\/wp-json\/wp\/v2\/pages"}],"about":[{"href":"https:\/\/palatodigital.com\/en\/wp-json\/wp\/v2\/types\/page"}],"author":[{"embeddable":true,"href":"https:\/\/palatodigital.com\/en\/wp-json\/wp\/v2\/users\/1"}],"replies":[{"embeddable":true,"href":"https:\/\/palatodigital.com\/en\/wp-json\/wp\/v2\/comments?post=670"}],"version-history":[{"count":7,"href":"https:\/\/palatodigital.com\/en\/wp-json\/wp\/v2\/pages\/670\/revisions"}],"predecessor-version":[{"id":724,"href":"https:\/\/palatodigital.com\/en\/wp-json\/wp\/v2\/pages\/670\/revisions\/724"}],"wp:attachment":[{"href":"https:\/\/palatodigital.com\/en\/wp-json\/wp\/v2\/media?parent=670"}],"curies":[{"name":"wp","href":"https:\/\/api.w.org\/{rel}","templated":true}]}}