{"id":617,"date":"2025-11-11T11:46:31","date_gmt":"2025-11-11T11:46:31","guid":{"rendered":"https:\/\/stag.palatodigital.com\/?page_id=617"},"modified":"2025-11-13T11:09:50","modified_gmt":"2025-11-13T11:09:50","slug":"servicos","status":"publish","type":"page","link":"https:\/\/palatodigital.com\/en\/servicos\/","title":{"rendered":"Services"},"content":{"rendered":"<div id=\"fws_69e195e71c654\"  data-column-margin=\"default\" data-midnight=\"light\" data-top-percent=\"5%\"  class=\"wpb_row vc_row-fluid vc_row full-width-section has-row-bg-color  top_padding_phone_10pct\"  style=\"padding-top: calc(100vw * 0.05); padding-bottom: 0px; --row-bg-color: #000000;\"><div class=\"row-bg-wrap\" data-bg-animation=\"none\" data-bg-animation-delay=\"\" data-bg-overlay=\"false\"><div class=\"inner-wrap row-bg-layer\" ><div class=\"row-bg viewport-desktop using-bg-color\"  style=\"background-color: #000000; \"><\/div><\/div><\/div><div class=\"row_col_wrap_12 col span_12 light left\">\n\t<div  class=\"vc_col-sm-12 wpb_column column_container vc_column_container col has-animation no-extra-padding inherit_tablet inherit_phone\"  data-padding-pos=\"all\" data-has-bg-color=\"false\" data-bg-color=\"\" data-bg-opacity=\"1\" data-animation=\"slight-fade-in-from-bottom\" data-delay=\"0\" >\n\t\t<div class=\"vc_column-inner\" >\n\t\t\t<div class=\"wpb_wrapper\">\n\t\t\t\t<div id=\"fws_69e195e71d313\" data-midnight=\"\" data-column-margin=\"default\" class=\"wpb_row vc_row-fluid vc_row inner_row\"  style=\"\"><div class=\"row-bg-wrap\"> <div class=\"row-bg\" ><\/div> <\/div><div class=\"row_col_wrap_12_inner col span_12  left\">\n\t<div  class=\"vc_col-sm-12 wpb_column column_container vc_column_container col child_column centered-text no-extra-padding inherit_tablet inherit_phone\"   data-padding-pos=\"all\" data-has-bg-color=\"false\" data-bg-color=\"\" data-bg-opacity=\"1\" data-animation=\"\" data-delay=\"0\" data-nectar-animate-settings=\"{&quot;animations&quot;:{&quot;desktop&quot;:{&quot;translateX&quot;:{&quot;start&quot;:&quot;0&quot;,&quot;end&quot;:&quot;0&quot;},&quot;translateY&quot;:{&quot;start&quot;:&quot;0&quot;,&quot;end&quot;:&quot;90%&quot;},&quot;scale&quot;:{&quot;start&quot;:&quot;1&quot;,&quot;end&quot;:&quot;1&quot;},&quot;opacity&quot;:{&quot;start&quot;:&quot;1&quot;,&quot;end&quot;:&quot;0&quot;},&quot;rotate&quot;:{&quot;start&quot;:&quot;0&quot;,&quot;end&quot;:&quot;0&quot;}},&quot;tablet&quot;:{&quot;translateX&quot;:{&quot;start&quot;:&quot;0&quot;,&quot;end&quot;:&quot;0&quot;},&quot;translateY&quot;:{&quot;start&quot;:&quot;0&quot;,&quot;end&quot;:&quot;90%&quot;},&quot;scale&quot;:{&quot;start&quot;:&quot;1&quot;,&quot;end&quot;:&quot;1&quot;},&quot;opacity&quot;:{&quot;start&quot;:&quot;1&quot;,&quot;end&quot;:&quot;0&quot;},&quot;rotate&quot;:{&quot;start&quot;:&quot;0&quot;,&quot;end&quot;:&quot;0&quot;}},&quot;phone&quot;:{&quot;translateX&quot;:{&quot;start&quot;:&quot;0&quot;,&quot;end&quot;:&quot;0&quot;},&quot;translateY&quot;:{&quot;start&quot;:&quot;0&quot;,&quot;end&quot;:&quot;90%&quot;},&quot;scale&quot;:{&quot;start&quot;:&quot;1&quot;,&quot;end&quot;:&quot;1&quot;},&quot;opacity&quot;:{&quot;start&quot;:&quot;1&quot;,&quot;end&quot;:&quot;0&quot;},&quot;rotate&quot;:{&quot;start&quot;:&quot;0&quot;,&quot;end&quot;:&quot;0&quot;}}},&quot;offsets&quot;:{&quot;start&quot;:&quot;0.00&quot;,&quot;end&quot;:&quot;100.00&quot;},&quot;config&quot;:[]}\" data-advanced-animation=\"true\" data-persist-animation>\n\t\t<div class=\"vc_column-inner\" >\n\t\t<div class=\"wpb_wrapper\">\n\t\t\t<div class=\"nectar-split-heading  font_size_11vw font_size_max_200px font_size_tablet_11vw font_line_height_0-9\" data-align=\"default\" data-m-align=\"inherit\" data-text-effect=\"none\" data-animation-type=\"line-reveal-by-space\" data-animation-delay=\"0\" data-animation-offset=\"\" data-m-rm-animation=\"\" data-stagger=\"\" data-custom-font-size=\"true\" style=\"font-size: 11vw; line-height: 12.1vw;\"><h2 >What we<br \/>\ndo<\/h2><\/div>\n\t\t<\/div> \n\t<\/div>\n\t<\/div> \n<\/div><\/div><div id=\"fws_69e195e71df85\" data-midnight=\"\" data-column-margin=\"default\" class=\"wpb_row vc_row-fluid vc_row inner_row  top_padding_tablet_20px\"  style=\"padding-top: 50px; \"><div class=\"row-bg-wrap\"> <div class=\"row-bg\" ><\/div> <\/div><div class=\"row_col_wrap_12_inner col span_12  left\">\n\t<div  class=\"vc_col-sm-12 wpb_column column_container vc_column_container col child_column no-extra-padding inherit_tablet inherit_phone\"   data-padding-pos=\"all\" data-has-bg-color=\"false\" data-bg-color=\"\" data-bg-opacity=\"1\" data-animation=\"\" data-delay=\"0\" >\n\t\t<div class=\"vc_column-inner\" >\n\t\t<div class=\"wpb_wrapper\">\n\t\t\t<div class=\"img-with-aniamtion-wrap center custom-width-40pct custom-width-tablet-50pct custom-width-phone-60pct\" data-max-width=\"custom\" data-max-width-mobile=\"default\" data-border-radius=\"20px\" data-shadow=\"none\" data-animation=\"none\" >\n      <div class=\"inner\">\n        <div class=\"hover-wrap\"> \n          <div class=\"hover-wrap-inner\">\n            <img loading=\"lazy\" decoding=\"async\" class=\"img-with-animation skip-lazy\" data-delay=\"0\" height=\"100\" width=\"100\" data-animation=\"none\" src=\"\" alt=\"\"  \/>\n          <\/div>\n        <\/div>\n        \n      <\/div>\n    <\/div>\n\t\t<\/div> \n\t<\/div>\n\t<\/div> \n<\/div><\/div>\n\t\t\t<\/div> \n\t\t<\/div>\n\t<\/div> \n<\/div><\/div>\n\t\t<div id=\"fws_69e195e71fd17\"  data-column-margin=\"custom\" data-midnight=\"light\" data-top-percent=\"8%\" data-bottom-percent=\"8%\"  class=\"wpb_row vc_row-fluid vc_row full-width-section has-row-bg-color  column-margin-7pct\"  style=\"padding-top: calc(100vw * 0.08); padding-bottom: calc(100vw * 0.08); --row-bg-color: #000000;\"><div class=\"row-bg-wrap\" data-bg-animation=\"none\" data-bg-animation-delay=\"\" data-bg-overlay=\"false\"><div class=\"inner-wrap row-bg-layer\" ><div class=\"row-bg viewport-desktop using-bg-color\"  style=\"background-color: #000000; \"><\/div><\/div><\/div><div class=\"row_col_wrap_12 col span_12 light left\">\n\t<div  class=\"vc_col-sm-4 wpb_column column_container vc_column_container col nectar-sticky-column-css no-extra-padding inherit_tablet inherit_phone\"  data-padding-pos=\"all\" data-has-bg-color=\"false\" data-bg-color=\"\" data-bg-opacity=\"1\" data-animation=\"\" data-delay=\"0\" >\n\t\t<div class=\"n-sticky\"><div class=\"vc_column-inner\" >\n\t\t\t<div class=\"wpb_wrapper\">\n\t\t\t\t<div class=\"nectar-responsive-text font_size_max_90px font_size_desktop_5vw font_size_tablet_7vw font_line_height_1px nectar-link-underline-effect\"><h3>Services<\/h3>\n<\/div><div class=\"nectar-responsive-text nectar-link-underline-effect\" style=\"color: rgba(255,255,255,0.6);\"><p>We offer a full range of digital services. From strategy and branding to development and hosting, we guarantee an integrated solution tailored to the unique needs of each client.<\/p>\n<\/div>\n\t\t\t<\/div> \n\t\t<\/div><\/div>\n\t<\/div> \n\n\t<div  class=\"vc_col-sm-8 wpb_column column_container vc_column_container col no-extra-padding inherit_tablet inherit_phone\"  data-padding-pos=\"all\" data-has-bg-color=\"false\" data-bg-color=\"\" data-bg-opacity=\"1\" data-animation=\"\" data-delay=\"0\" >\n\t\t<div class=\"vc_column-inner\" >\n\t\t\t<div class=\"wpb_wrapper\">\n\t\t\t\t<div id=\"fws_69e195e720dcc\" data-midnight=\"\" data-column-margin=\"custom\" class=\"wpb_row vc_row-fluid vc_row inner_row  column-margin-7pct\"  style=\"\"><div class=\"row-bg-wrap\"> <div class=\"row-bg\" ><\/div> <\/div><div class=\"row_col_wrap_12_inner col span_12  left\">\n\t<div  class=\"vc_col-sm-6 wpb_column column_container vc_column_container col child_column has-animation no-extra-padding el_spacing_5px inherit_tablet inherit_phone\"   data-padding-pos=\"all\" data-has-bg-color=\"false\" data-bg-color=\"\" data-bg-opacity=\"1\" data-animation=\"slight-fade-in-from-bottom\" data-delay=\"0\" >\n\t\t<div class=\"vc_column-inner\" >\n\t\t<div class=\"wpb_wrapper\">\n\t\t\t<div class=\"nectar-responsive-text nectar-link-underline-effect\" style=\"color: rgba(255,255,255,0.6);\"><h6>01<\/h6>\n<\/div><div class=\"nectar-responsive-text nectar-link-underline-effect\"><h4>\ud83d\udca1 Digital strategy and innovation<\/h4>\n<\/div><div class=\"nectar-responsive-text nectar-link-underline-effect\"><p>We don't just follow trends, we define your digital strategy. We use market insights to propose and build innovative web and digital experiences that put your brand one step ahead of the competition.<\/p>\n<\/div>\n\t\t<\/div> \n\t<\/div>\n\t<\/div> \n\n\t<div  class=\"vc_col-sm-6 wpb_column column_container vc_column_container col child_column has-animation no-extra-padding el_spacing_5px inherit_tablet inherit_phone\"   data-padding-pos=\"all\" data-has-bg-color=\"false\" data-bg-color=\"\" data-bg-opacity=\"1\" data-animation=\"slight-fade-in-from-bottom\" data-delay=\"100\" >\n\t\t<div class=\"vc_column-inner\" >\n\t\t<div class=\"wpb_wrapper\">\n\t\t\t<div class=\"nectar-responsive-text nectar-link-underline-effect\" style=\"color: rgba(255,255,255,0.6);\"><h6>02<\/h6>\n<\/div><div class=\"nectar-responsive-text nectar-link-underline-effect\"><h4>\ud83c\udfa8 Brand identity and design<\/h4>\n<\/div><div class=\"nectar-responsive-text nectar-link-underline-effect\"><p>Your brand is your first point of contact. We create or refine your complete visual identity, from your logo and brand guidelines to your website user interface (UI), ensuring a cohesive, professional, and memorable presence.<\/p>\n<\/div>\n\t\t<\/div> \n\t<\/div>\n\t<\/div> \n<\/div><\/div><div id=\"fws_69e195e72daf4\" data-midnight=\"\" data-column-margin=\"custom\" class=\"wpb_row vc_row-fluid vc_row inner_row  column-margin-7pct top_padding_tablet_0px\"  style=\"padding-top: 50px; \"><div class=\"row-bg-wrap\"> <div class=\"row-bg\" ><\/div> <\/div><div class=\"row_col_wrap_12_inner col span_12  left\">\n\t<div  class=\"vc_col-sm-6 wpb_column column_container vc_column_container col child_column has-animation no-extra-padding el_spacing_5px inherit_tablet inherit_phone\"   data-padding-pos=\"all\" data-has-bg-color=\"false\" data-bg-color=\"\" data-bg-opacity=\"1\" data-animation=\"slight-fade-in-from-bottom\" data-delay=\"0\" >\n\t\t<div class=\"vc_column-inner\" >\n\t\t<div class=\"wpb_wrapper\">\n\t\t\t<div class=\"nectar-responsive-text nectar-link-underline-effect\" style=\"color: rgba(255,255,255,0.6);\"><h6>03<\/h6>\n<\/div><div class=\"nectar-responsive-text nectar-link-underline-effect\"><h4>\ud83d\udc68\u200d\ud83d\udcbb Web Development<\/h4>\n<\/div><div class=\"nectar-responsive-text nectar-link-underline-effect\"><p>Our specialty is technical execution. We develop web platforms, online stores (e-commerce), and customized websites with modern code, maximum performance, and 100% responsive design for all devices.<\/p>\n<\/div>\n\t\t<\/div> \n\t<\/div>\n\t<\/div> \n\n\t<div  class=\"vc_col-sm-6 wpb_column column_container vc_column_container col child_column has-animation no-extra-padding el_spacing_5px inherit_tablet inherit_phone\"   data-padding-pos=\"all\" data-has-bg-color=\"false\" data-bg-color=\"\" data-bg-opacity=\"1\" data-animation=\"slight-fade-in-from-bottom\" data-delay=\"100\" >\n\t\t<div class=\"vc_column-inner\" >\n\t\t<div class=\"wpb_wrapper\">\n\t\t\t<div class=\"nectar-responsive-text nectar-link-underline-effect\" style=\"color: rgba(255,255,255,0.6);\"><h6>04<\/h6>\n<\/div><div class=\"nectar-responsive-text nectar-link-underline-effect\"><h4>\ud83c\udf10 Hosting and domains<\/h4>\n<\/div><div class=\"nectar-responsive-text nectar-link-underline-effect\"><p>The foundation of any successful project. We offer secure, fast, and optimized web hosting services for your projects, along with domain management, ensuring that your website or online store is always online, stable, and accessible.<\/p>\n<\/div>\n\t\t<\/div> \n\t<\/div>\n\t<\/div> \n<\/div><\/div><div id=\"fws_69e195e72f512\" data-midnight=\"\" data-column-margin=\"custom\" class=\"wpb_row vc_row-fluid vc_row inner_row  column-margin-7pct top_padding_tablet_0px\"  style=\"padding-top: 50px; \"><div class=\"row-bg-wrap\"> <div class=\"row-bg\" ><\/div> <\/div><div class=\"row_col_wrap_12_inner col span_12  left\">\n\t<div  class=\"vc_col-sm-6 wpb_column column_container vc_column_container col child_column has-animation no-extra-padding el_spacing_5px inherit_tablet inherit_phone\"   data-padding-pos=\"all\" data-has-bg-color=\"false\" data-bg-color=\"\" data-bg-opacity=\"1\" data-animation=\"slight-fade-in-from-bottom\" data-delay=\"0\" >\n\t\t<div class=\"vc_column-inner\" >\n\t\t<div class=\"wpb_wrapper\">\n\t\t\t<div class=\"nectar-responsive-text nectar-link-underline-effect\" style=\"color: rgba(255,255,255,0.6);\"><h6>05<\/h6>\n<\/div><div class=\"nectar-responsive-text nectar-link-underline-effect\"><h4>\ud83d\udee0\ufe0f Continuous support and maintenance<\/h4>\n<\/div><div class=\"nectar-responsive-text nectar-link-underline-effect\"><p>A partnership that doesn't end with launch. We ensure the functionality and longevity of your website with technical support, security updates, and performance optimizations.<\/p>\n<\/div>\n\t\t<\/div> \n\t<\/div>\n\t<\/div> \n<\/div><\/div>\n\t\t\t<\/div> \n\t\t<\/div>\n\t<\/div> \n<\/div><\/div>","protected":false},"excerpt":{"rendered":"O que fazemos Servi\u00e7os Oferecemos uma gama completa de servi\u00e7os digitais. Da estrat\u00e9gia e branding ao desenvolvimento e alojamento, garantimos uma solu\u00e7\u00e3o integrada e adaptada \u00e0s necessidades \u00fanicas de cada...","protected":false},"author":1,"featured_media":0,"parent":0,"menu_order":0,"comment_status":"closed","ping_status":"closed","template":"","meta":{"footnotes":""},"class_list":["post-617","page","type-page","status-publish"],"yoast_head":"<!-- This site is optimized with the Yoast SEO plugin v27.1.1 - https:\/\/yoast.com\/product\/yoast-seo-wordpress\/ -->\n<title>Servi\u00e7os - Palato Digital<\/title>\n<meta name=\"robots\" content=\"index, follow, max-snippet:-1, max-image-preview:large, max-video-preview:-1\" \/>\n<link rel=\"canonical\" href=\"https:\/\/palatodigital.com\/en\/servicos\/\" \/>\n<meta property=\"og:locale\" content=\"en_GB\" \/>\n<meta property=\"og:type\" content=\"article\" \/>\n<meta property=\"og:title\" content=\"Servi\u00e7os - Palato Digital\" \/>\n<meta property=\"og:url\" content=\"https:\/\/palatodigital.com\/en\/servicos\/\" \/>\n<meta property=\"og:site_name\" content=\"Palato Digital\" \/>\n<meta property=\"article:publisher\" content=\"https:\/\/www.facebook.com\/palatodigitalcom\" \/>\n<meta property=\"article:modified_time\" content=\"2025-11-13T11:09:50+00:00\" \/>\n<meta name=\"twitter:card\" content=\"summary_large_image\" \/>\n<meta name=\"twitter:label1\" content=\"Estimated reading time\" \/>\n\t<meta name=\"twitter:data1\" content=\"10 minutes\" \/>\n<script type=\"application\/ld+json\" class=\"yoast-schema-graph\">{\"@context\":\"https:\/\/schema.org\",\"@graph\":[{\"@type\":\"WebPage\",\"@id\":\"https:\/\/palatodigital.com\/servicos\/\",\"url\":\"https:\/\/palatodigital.com\/servicos\/\",\"name\":\"Servi\u00e7os - Palato Digital\",\"isPartOf\":{\"@id\":\"https:\/\/palatodigital.com\/#website\"},\"datePublished\":\"2025-11-11T11:46:31+00:00\",\"dateModified\":\"2025-11-13T11:09:50+00:00\",\"breadcrumb\":{\"@id\":\"https:\/\/palatodigital.com\/servicos\/#breadcrumb\"},\"inLanguage\":\"en-GB\",\"potentialAction\":[{\"@type\":\"ReadAction\",\"target\":[\"https:\/\/palatodigital.com\/servicos\/\"]}]},{\"@type\":\"BreadcrumbList\",\"@id\":\"https:\/\/palatodigital.com\/servicos\/#breadcrumb\",\"itemListElement\":[{\"@type\":\"ListItem\",\"position\":1,\"name\":\"Home\",\"item\":\"https:\/\/palatodigital.com\/\"},{\"@type\":\"ListItem\",\"position\":2,\"name\":\"Servi\u00e7os\"}]},{\"@type\":\"WebSite\",\"@id\":\"https:\/\/palatodigital.com\/#website\",\"url\":\"https:\/\/palatodigital.com\/\",\"name\":\"Palato Digital\",\"description\":\"O sabor da inova\u00e7\u00e3o digital\",\"publisher\":{\"@id\":\"https:\/\/palatodigital.com\/#organization\"},\"potentialAction\":[{\"@type\":\"SearchAction\",\"target\":{\"@type\":\"EntryPoint\",\"urlTemplate\":\"https:\/\/palatodigital.com\/?s={search_term_string}\"},\"query-input\":{\"@type\":\"PropertyValueSpecification\",\"valueRequired\":true,\"valueName\":\"search_term_string\"}}],\"inLanguage\":\"en-GB\"},{\"@type\":\"Organization\",\"@id\":\"https:\/\/palatodigital.com\/#organization\",\"name\":\"Palato Digital\",\"url\":\"https:\/\/palatodigital.com\/\",\"logo\":{\"@type\":\"ImageObject\",\"inLanguage\":\"en-GB\",\"@id\":\"https:\/\/palatodigital.com\/#\/schema\/logo\/image\/\",\"url\":\"https:\/\/palatodigital.com\/wp-content\/uploads\/2025\/11\/site_logo.png\",\"contentUrl\":\"https:\/\/palatodigital.com\/wp-content\/uploads\/2025\/11\/site_logo.png\",\"width\":535,\"height\":54,\"caption\":\"Palato Digital\"},\"image\":{\"@id\":\"https:\/\/palatodigital.com\/#\/schema\/logo\/image\/\"},\"sameAs\":[\"https:\/\/www.facebook.com\/palatodigitalcom\",\"https:\/\/www.instagram.com\/palatodigitalcom\",\"https:\/\/www.linkedin.com\/company\/palatodigitalcom\",\"https:\/\/www.behance.net\/palatodigitalcom\"]}]}<\/script>\n<!-- \/ Yoast SEO plugin. -->","yoast_head_json":{"title":"Servi\u00e7os - Palato Digital","robots":{"index":"index","follow":"follow","max-snippet":"max-snippet:-1","max-image-preview":"max-image-preview:large","max-video-preview":"max-video-preview:-1"},"canonical":"https:\/\/palatodigital.com\/en\/servicos\/","og_locale":"en_GB","og_type":"article","og_title":"Servi\u00e7os - Palato Digital","og_url":"https:\/\/palatodigital.com\/en\/servicos\/","og_site_name":"Palato Digital","article_publisher":"https:\/\/www.facebook.com\/palatodigitalcom","article_modified_time":"2025-11-13T11:09:50+00:00","twitter_card":"summary_large_image","twitter_misc":{"Estimated reading time":"10 minutes"},"schema":{"@context":"https:\/\/schema.org","@graph":[{"@type":"WebPage","@id":"https:\/\/palatodigital.com\/servicos\/","url":"https:\/\/palatodigital.com\/servicos\/","name":"Servi\u00e7os - Palato Digital","isPartOf":{"@id":"https:\/\/palatodigital.com\/#website"},"datePublished":"2025-11-11T11:46:31+00:00","dateModified":"2025-11-13T11:09:50+00:00","breadcrumb":{"@id":"https:\/\/palatodigital.com\/servicos\/#breadcrumb"},"inLanguage":"en-GB","potentialAction":[{"@type":"ReadAction","target":["https:\/\/palatodigital.com\/servicos\/"]}]},{"@type":"BreadcrumbList","@id":"https:\/\/palatodigital.com\/servicos\/#breadcrumb","itemListElement":[{"@type":"ListItem","position":1,"name":"Home","item":"https:\/\/palatodigital.com\/"},{"@type":"ListItem","position":2,"name":"Servi\u00e7os"}]},{"@type":"WebSite","@id":"https:\/\/palatodigital.com\/#website","url":"https:\/\/palatodigital.com\/","name":"Palato Digital","description":"O sabor da inova\u00e7\u00e3o digital","publisher":{"@id":"https:\/\/palatodigital.com\/#organization"},"potentialAction":[{"@type":"SearchAction","target":{"@type":"EntryPoint","urlTemplate":"https:\/\/palatodigital.com\/?s={search_term_string}"},"query-input":{"@type":"PropertyValueSpecification","valueRequired":true,"valueName":"search_term_string"}}],"inLanguage":"en-GB"},{"@type":"Organization","@id":"https:\/\/palatodigital.com\/#organization","name":"Palato Digital","url":"https:\/\/palatodigital.com\/","logo":{"@type":"ImageObject","inLanguage":"en-GB","@id":"https:\/\/palatodigital.com\/#\/schema\/logo\/image\/","url":"https:\/\/palatodigital.com\/wp-content\/uploads\/2025\/11\/site_logo.png","contentUrl":"https:\/\/palatodigital.com\/wp-content\/uploads\/2025\/11\/site_logo.png","width":535,"height":54,"caption":"Palato Digital"},"image":{"@id":"https:\/\/palatodigital.com\/#\/schema\/logo\/image\/"},"sameAs":["https:\/\/www.facebook.com\/palatodigitalcom","https:\/\/www.instagram.com\/palatodigitalcom","https:\/\/www.linkedin.com\/company\/palatodigitalcom","https:\/\/www.behance.net\/palatodigitalcom"]}]}},"_links":{"self":[{"href":"https:\/\/palatodigital.com\/en\/wp-json\/wp\/v2\/pages\/617","targetHints":{"allow":["GET"]}}],"collection":[{"href":"https:\/\/palatodigital.com\/en\/wp-json\/wp\/v2\/pages"}],"about":[{"href":"https:\/\/palatodigital.com\/en\/wp-json\/wp\/v2\/types\/page"}],"author":[{"embeddable":true,"href":"https:\/\/palatodigital.com\/en\/wp-json\/wp\/v2\/users\/1"}],"replies":[{"embeddable":true,"href":"https:\/\/palatodigital.com\/en\/wp-json\/wp\/v2\/comments?post=617"}],"version-history":[{"count":3,"href":"https:\/\/palatodigital.com\/en\/wp-json\/wp\/v2\/pages\/617\/revisions"}],"predecessor-version":[{"id":633,"href":"https:\/\/palatodigital.com\/en\/wp-json\/wp\/v2\/pages\/617\/revisions\/633"}],"wp:attachment":[{"href":"https:\/\/palatodigital.com\/en\/wp-json\/wp\/v2\/media?parent=617"}],"curies":[{"name":"wp","href":"https:\/\/api.w.org\/{rel}","templated":true}]}}