{"id":490,"date":"2025-04-02T21:02:30","date_gmt":"2025-04-02T21:02:30","guid":{"rendered":"https:\/\/stag.palatodigital.com\/?page_id=490"},"modified":"2025-11-13T11:10:22","modified_gmt":"2025-11-13T11:10:22","slug":"contacto","status":"publish","type":"page","link":"https:\/\/palatodigital.com\/en\/contacto\/","title":{"rendered":"Contact"},"content":{"rendered":"<div id=\"fws_69e195addb93b\"  data-column-margin=\"default\" data-midnight=\"light\" data-top-percent=\"5%\"  class=\"wpb_row vc_row-fluid vc_row full-width-section has-row-bg-color  top_padding_phone_10pct\"  style=\"padding-top: calc(100vw * 0.05); padding-bottom: 0px; --row-bg-color: #000000;\"><div class=\"row-bg-wrap\" data-bg-animation=\"none\" data-bg-animation-delay=\"\" data-bg-overlay=\"false\"><div class=\"inner-wrap row-bg-layer\" ><div class=\"row-bg viewport-desktop using-bg-color\"  style=\"background-color: #000000; \"><\/div><\/div><\/div><div class=\"row_col_wrap_12 col span_12 light left\">\n\t<div  class=\"vc_col-sm-12 wpb_column column_container vc_column_container col has-animation no-extra-padding inherit_tablet inherit_phone\"  data-padding-pos=\"all\" data-has-bg-color=\"false\" data-bg-color=\"\" data-bg-opacity=\"1\" data-animation=\"slight-fade-in-from-bottom\" data-delay=\"0\" >\n\t\t<div class=\"vc_column-inner\" >\n\t\t\t<div class=\"wpb_wrapper\">\n\t\t\t\t<div id=\"fws_69e195addcabf\" data-midnight=\"\" data-column-margin=\"default\" class=\"wpb_row vc_row-fluid vc_row inner_row\"  style=\"\"><div class=\"row-bg-wrap\"> <div class=\"row-bg\" ><\/div> <\/div><div class=\"row_col_wrap_12_inner col span_12  left\">\n\t<div  class=\"vc_col-sm-12 wpb_column column_container vc_column_container col child_column centered-text no-extra-padding inherit_tablet inherit_phone\"   data-padding-pos=\"all\" data-has-bg-color=\"false\" data-bg-color=\"\" data-bg-opacity=\"1\" data-animation=\"\" data-delay=\"0\" data-nectar-animate-settings=\"{&quot;animations&quot;:{&quot;desktop&quot;:{&quot;translateX&quot;:{&quot;start&quot;:&quot;0&quot;,&quot;end&quot;:&quot;0&quot;},&quot;translateY&quot;:{&quot;start&quot;:&quot;0&quot;,&quot;end&quot;:&quot;90%&quot;},&quot;scale&quot;:{&quot;start&quot;:&quot;1&quot;,&quot;end&quot;:&quot;1&quot;},&quot;opacity&quot;:{&quot;start&quot;:&quot;1&quot;,&quot;end&quot;:&quot;0&quot;},&quot;rotate&quot;:{&quot;start&quot;:&quot;0&quot;,&quot;end&quot;:&quot;0&quot;}},&quot;tablet&quot;:{&quot;translateX&quot;:{&quot;start&quot;:&quot;0&quot;,&quot;end&quot;:&quot;0&quot;},&quot;translateY&quot;:{&quot;start&quot;:&quot;0&quot;,&quot;end&quot;:&quot;90%&quot;},&quot;scale&quot;:{&quot;start&quot;:&quot;1&quot;,&quot;end&quot;:&quot;1&quot;},&quot;opacity&quot;:{&quot;start&quot;:&quot;1&quot;,&quot;end&quot;:&quot;0&quot;},&quot;rotate&quot;:{&quot;start&quot;:&quot;0&quot;,&quot;end&quot;:&quot;0&quot;}},&quot;phone&quot;:{&quot;translateX&quot;:{&quot;start&quot;:&quot;0&quot;,&quot;end&quot;:&quot;0&quot;},&quot;translateY&quot;:{&quot;start&quot;:&quot;0&quot;,&quot;end&quot;:&quot;90%&quot;},&quot;scale&quot;:{&quot;start&quot;:&quot;1&quot;,&quot;end&quot;:&quot;1&quot;},&quot;opacity&quot;:{&quot;start&quot;:&quot;1&quot;,&quot;end&quot;:&quot;0&quot;},&quot;rotate&quot;:{&quot;start&quot;:&quot;0&quot;,&quot;end&quot;:&quot;0&quot;}}},&quot;offsets&quot;:{&quot;start&quot;:&quot;0.00&quot;,&quot;end&quot;:&quot;100.00&quot;},&quot;config&quot;:[]}\" data-advanced-animation=\"true\" data-persist-animation>\n\t\t<div class=\"vc_column-inner\" >\n\t\t<div class=\"wpb_wrapper\">\n\t\t\t<div class=\"nectar-split-heading  font_size_11vw font_size_max_200px font_size_tablet_11vw font_line_height_0-9\" data-align=\"default\" data-m-align=\"inherit\" data-text-effect=\"none\" data-animation-type=\"line-reveal-by-space\" data-animation-delay=\"0\" data-animation-offset=\"\" data-m-rm-animation=\"\" data-stagger=\"\" data-custom-font-size=\"true\" style=\"font-size: 11vw; line-height: 12.1vw;\"><h2 >Let's talk<\/h2><\/div>\n\t\t<\/div> \n\t<\/div>\n\t<\/div> \n<\/div><\/div>\n\t\t\t<\/div> \n\t\t<\/div>\n\t<\/div> \n<\/div><\/div>\n\t\t<div id=\"fws_69e195adde012\"  data-column-margin=\"custom\" data-midnight=\"light\" data-top-percent=\"8%\" data-bottom-percent=\"8%\"  class=\"wpb_row vc_row-fluid vc_row full-width-section has-row-bg-color  column-margin-7pct\"  style=\"padding-top: calc(100vw * 0.08); padding-bottom: calc(100vw * 0.08); --row-bg-color: #000000;\"><div class=\"row-bg-wrap\" data-bg-animation=\"none\" data-bg-animation-delay=\"\" data-bg-overlay=\"false\"><div class=\"inner-wrap row-bg-layer\" ><div class=\"row-bg viewport-desktop using-bg-color\"  style=\"background-color: #000000; \"><\/div><\/div><\/div><div class=\"row_col_wrap_12 col span_12 light left\">\n\t<div  class=\"vc_col-sm-5 wpb_column column_container vc_column_container col nectar-sticky-column-css no-extra-padding inherit_tablet inherit_phone\"  data-padding-pos=\"all\" data-has-bg-color=\"false\" data-bg-color=\"\" data-bg-opacity=\"1\" data-animation=\"\" data-delay=\"0\" >\n\t\t<div class=\"n-sticky\"><div class=\"vc_column-inner\" >\n\t\t\t<div class=\"wpb_wrapper\">\n\t\t\t\t<div class=\"nectar-responsive-text font_size_max_90px font_size_desktop_5vw font_size_tablet_7vw font_line_height_1px nectar-link-underline-effect\"><p>Contact<\/p>\n<\/div><div class=\"nectar-responsive-text nectar-link-underline-effect\" style=\"color: rgba(255,255,255,0.6);\"><p>Whether you have a clear idea or just want to explore possibilities for your brand, we are ready to listen. Fill out the form below or send us an email directly to <a href=\"mailto:geral@palatodigital.com\">geral@palatodigital.com<\/a>. Our team will be in touch shortly.<\/p>\n<\/div>\n\t\t\t<\/div> \n\t\t<\/div><\/div>\n\t<\/div> \n\n\t<div  class=\"vc_col-sm-7 wpb_column column_container vc_column_container col no-extra-padding inherit_tablet inherit_phone\"  data-padding-pos=\"all\" data-has-bg-color=\"false\" data-bg-color=\"\" data-bg-opacity=\"1\" data-animation=\"\" data-delay=\"0\" >\n\t\t<div class=\"vc_column-inner\" >\n\t\t\t<div class=\"wpb_wrapper\">\n\t\t\t\t\n<div class=\"wpcf7 no-js\" id=\"wpcf7-f5-o1\" lang=\"en-GB\" dir=\"ltr\" data-wpcf7-id=\"5\">\n<div class=\"screen-reader-response\"><p role=\"status\" aria-live=\"polite\" aria-atomic=\"true\"><\/p> <ul><\/ul><\/div>\n<form action=\"\/en\/wp-json\/wp\/v2\/pages\/490#wpcf7-f5-o1\" method=\"post\" class=\"wpcf7-form init\" aria-label=\"Contact form\" novalidate=\"novalidate\" data-status=\"init\" data-trp-original-action=\"\/en\/wp-json\/wp\/v2\/pages\/490#wpcf7-f5-o1\">\n<fieldset class=\"hidden-fields-container\"><input type=\"hidden\" name=\"_wpcf7\" value=\"5\" \/><input type=\"hidden\" name=\"_wpcf7_version\" value=\"6.1.5\" \/><input type=\"hidden\" name=\"_wpcf7_locale\" value=\"en_GB\" \/><input type=\"hidden\" name=\"_wpcf7_unit_tag\" value=\"wpcf7-f5-o1\" \/><input type=\"hidden\" name=\"_wpcf7_container_post\" value=\"0\" \/><input type=\"hidden\" name=\"_wpcf7_posted_data_hash\" value=\"\" \/><input type=\"hidden\" name=\"_wpcf7_recaptcha_response\" value=\"\" \/>\n<\/fieldset>\n<p><label> Your name<br \/>\n<span class=\"wpcf7-form-control-wrap\" data-name=\"your-name\"><input size=\"40\" maxlength=\"50\" class=\"wpcf7-form-control wpcf7-text wpcf7-validates-as-required\" autocomplete=\"name\" aria-required=\"true\" aria-invalid=\"false\" value=\"\" type=\"text\" name=\"your-name\" \/><\/span> <\/label>\n<\/p>\n<p><label> Your e-mail<br \/>\n<span class=\"wpcf7-form-control-wrap\" data-name=\"your-email\"><input size=\"40\" maxlength=\"50\" class=\"wpcf7-form-control wpcf7-email wpcf7-validates-as-required wpcf7-text wpcf7-validates-as-email\" autocomplete=\"email\" aria-required=\"true\" aria-invalid=\"false\" value=\"\" type=\"email\" name=\"your-email\" \/><\/span> <\/label>\n<\/p>\n<p><label> Your mobile phone number (optional)<br \/>\n<span class=\"wpcf7-form-control-wrap\" data-name=\"your-phone\"><input size=\"40\" maxlength=\"15\" class=\"wpcf7-form-control wpcf7-tel wpcf7-text wpcf7-validates-as-tel\" autocomplete=\"tel\" aria-invalid=\"false\" value=\"\" type=\"tel\" name=\"your-phone\" \/><\/span> <\/label>\n<\/p>\n<p><label> Subject (optional)<br \/>\n<span class=\"wpcf7-form-control-wrap\" data-name=\"your-interest\"><select class=\"wpcf7-form-control wpcf7-select\" aria-invalid=\"false\" name=\"your-interest\"><option value=\"Qual \u00e9 o assunto?\">What is the subject?<\/option><option value=\"Estrat\u00e9gia e inova\u00e7\u00e3o digital\">Digital strategy and innovation<\/option><option value=\"Identidade visual e design\">Visual identity and design<\/option><option value=\"Desenvolvimento Web\">Web Development<\/option><option value=\"Alojamento e dom\u00ednios\">Hosting and domains<\/option><option value=\"Suporte e manuten\u00e7\u00e3o\">Support and maintenance<\/option><option value=\"Outro assunto\">Another subject<\/option><\/select><\/span> <\/label>\n<\/p>\n<p><label> Your message<br \/>\n<span class=\"wpcf7-form-control-wrap\" data-name=\"your-message\"><textarea cols=\"40\" rows=\"10\" maxlength=\"5000\" class=\"wpcf7-form-control wpcf7-textarea wpcf7-validates-as-required\" aria-required=\"true\" aria-invalid=\"false\" name=\"your-message\"><\/textarea><\/span> <\/label>\n<\/p>\n<div class=\"nectar-responsive-text font_line_height_1-2 nectar-link-underline-effect\" style=\"padding-bottom: 1.5em;\">\n\t<p><span class=\"wpcf7-form-control-wrap\" data-name=\"acceptance-policies\"><span class=\"wpcf7-form-control wpcf7-acceptance\"><span class=\"wpcf7-list-item\"><label><input type=\"checkbox\" name=\"acceptance-policies\" value=\"1\" aria-invalid=\"false\" \/><span class=\"wpcf7-list-item-label\">I agree to this website storing my data in order to respond to my request. I have read and accept the <a href=\"\/en\/politica-de-privacidade\/\" target=\"_blank\" rel=\"noopener\" class=\"accessed\">Privacy Policy<\/a>.<\/span><\/label><\/span><\/span><\/span>\n\t<\/p>\n<\/div>\n<p style=\"display: none;\"><br \/>\nThis site is protected by reCAPTCHA and the Google<br \/>\n<a href=\"https:\/\/policies.google.com\/privacy\">Privacy Policy<\/a> and<br \/>\n<a href=\"https:\/\/policies.google.com\/terms\">Terms of Service<\/a> apply.\n<\/p>\n<p><input class=\"wpcf7-form-control wpcf7-submit has-spinner\" type=\"submit\" value=\"Send\" \/>\n<\/p><div class=\"wpcf7-response-output\" aria-hidden=\"true\"><\/div>\n<input type=\"hidden\" name=\"trp-form-language\" value=\"en\"\/><\/form>\n<\/div>\n\n\t\t\t<\/div> \n\t\t<\/div>\n\t<\/div> \n<\/div><\/div>","protected":false},"excerpt":{"rendered":"Vamos falar Contacto Quer tenha uma ideia clara ou apenas queira explorar possibilidades para a sua marca, estamos prontos para ouvir. Preencha o formul\u00e1rio abaixo ou envie-nos um e-mail diretamente...","protected":false},"author":1,"featured_media":0,"parent":0,"menu_order":0,"comment_status":"closed","ping_status":"closed","template":"","meta":{"footnotes":""},"class_list":["post-490","page","type-page","status-publish"],"yoast_head":"<!-- This site is optimized with the Yoast SEO plugin v27.1.1 - https:\/\/yoast.com\/product\/yoast-seo-wordpress\/ -->\n<title>Contacto - Palato Digital<\/title>\n<meta name=\"robots\" content=\"index, follow, max-snippet:-1, max-image-preview:large, max-video-preview:-1\" \/>\n<link rel=\"canonical\" href=\"https:\/\/palatodigital.com\/en\/contacto\/\" \/>\n<meta property=\"og:locale\" content=\"en_GB\" \/>\n<meta property=\"og:type\" content=\"article\" \/>\n<meta property=\"og:title\" content=\"Contacto - Palato Digital\" \/>\n<meta property=\"og:url\" content=\"https:\/\/palatodigital.com\/en\/contacto\/\" \/>\n<meta property=\"og:site_name\" content=\"Palato Digital\" \/>\n<meta property=\"article:publisher\" content=\"https:\/\/www.facebook.com\/palatodigitalcom\" \/>\n<meta property=\"article:modified_time\" content=\"2025-11-13T11:10:22+00:00\" \/>\n<meta name=\"twitter:card\" content=\"summary_large_image\" \/>\n<meta name=\"twitter:label1\" content=\"Estimated reading time\" \/>\n\t<meta name=\"twitter:data1\" content=\"4 minutes\" \/>\n<script type=\"application\/ld+json\" class=\"yoast-schema-graph\">{\"@context\":\"https:\/\/schema.org\",\"@graph\":[{\"@type\":\"WebPage\",\"@id\":\"https:\/\/palatodigital.com\/contacto\/\",\"url\":\"https:\/\/palatodigital.com\/contacto\/\",\"name\":\"Contacto - Palato Digital\",\"isPartOf\":{\"@id\":\"https:\/\/palatodigital.com\/#website\"},\"datePublished\":\"2025-04-02T21:02:30+00:00\",\"dateModified\":\"2025-11-13T11:10:22+00:00\",\"breadcrumb\":{\"@id\":\"https:\/\/palatodigital.com\/contacto\/#breadcrumb\"},\"inLanguage\":\"en-GB\",\"potentialAction\":[{\"@type\":\"ReadAction\",\"target\":[\"https:\/\/palatodigital.com\/contacto\/\"]}]},{\"@type\":\"BreadcrumbList\",\"@id\":\"https:\/\/palatodigital.com\/contacto\/#breadcrumb\",\"itemListElement\":[{\"@type\":\"ListItem\",\"position\":1,\"name\":\"Home\",\"item\":\"https:\/\/palatodigital.com\/\"},{\"@type\":\"ListItem\",\"position\":2,\"name\":\"Contacto\"}]},{\"@type\":\"WebSite\",\"@id\":\"https:\/\/palatodigital.com\/#website\",\"url\":\"https:\/\/palatodigital.com\/\",\"name\":\"Palato Digital\",\"description\":\"O sabor da inova\u00e7\u00e3o digital\",\"publisher\":{\"@id\":\"https:\/\/palatodigital.com\/#organization\"},\"potentialAction\":[{\"@type\":\"SearchAction\",\"target\":{\"@type\":\"EntryPoint\",\"urlTemplate\":\"https:\/\/palatodigital.com\/?s={search_term_string}\"},\"query-input\":{\"@type\":\"PropertyValueSpecification\",\"valueRequired\":true,\"valueName\":\"search_term_string\"}}],\"inLanguage\":\"en-GB\"},{\"@type\":\"Organization\",\"@id\":\"https:\/\/palatodigital.com\/#organization\",\"name\":\"Palato Digital\",\"url\":\"https:\/\/palatodigital.com\/\",\"logo\":{\"@type\":\"ImageObject\",\"inLanguage\":\"en-GB\",\"@id\":\"https:\/\/palatodigital.com\/#\/schema\/logo\/image\/\",\"url\":\"https:\/\/palatodigital.com\/wp-content\/uploads\/2025\/11\/site_logo.png\",\"contentUrl\":\"https:\/\/palatodigital.com\/wp-content\/uploads\/2025\/11\/site_logo.png\",\"width\":535,\"height\":54,\"caption\":\"Palato Digital\"},\"image\":{\"@id\":\"https:\/\/palatodigital.com\/#\/schema\/logo\/image\/\"},\"sameAs\":[\"https:\/\/www.facebook.com\/palatodigitalcom\",\"https:\/\/www.instagram.com\/palatodigitalcom\",\"https:\/\/www.linkedin.com\/company\/palatodigitalcom\",\"https:\/\/www.behance.net\/palatodigitalcom\"]}]}<\/script>\n<!-- \/ Yoast SEO plugin. -->","yoast_head_json":{"title":"Contacto - Palato Digital","robots":{"index":"index","follow":"follow","max-snippet":"max-snippet:-1","max-image-preview":"max-image-preview:large","max-video-preview":"max-video-preview:-1"},"canonical":"https:\/\/palatodigital.com\/en\/contacto\/","og_locale":"en_GB","og_type":"article","og_title":"Contacto - Palato Digital","og_url":"https:\/\/palatodigital.com\/en\/contacto\/","og_site_name":"Palato Digital","article_publisher":"https:\/\/www.facebook.com\/palatodigitalcom","article_modified_time":"2025-11-13T11:10:22+00:00","twitter_card":"summary_large_image","twitter_misc":{"Estimated reading time":"4 minutes"},"schema":{"@context":"https:\/\/schema.org","@graph":[{"@type":"WebPage","@id":"https:\/\/palatodigital.com\/contacto\/","url":"https:\/\/palatodigital.com\/contacto\/","name":"Contacto - Palato Digital","isPartOf":{"@id":"https:\/\/palatodigital.com\/#website"},"datePublished":"2025-04-02T21:02:30+00:00","dateModified":"2025-11-13T11:10:22+00:00","breadcrumb":{"@id":"https:\/\/palatodigital.com\/contacto\/#breadcrumb"},"inLanguage":"en-GB","potentialAction":[{"@type":"ReadAction","target":["https:\/\/palatodigital.com\/contacto\/"]}]},{"@type":"BreadcrumbList","@id":"https:\/\/palatodigital.com\/contacto\/#breadcrumb","itemListElement":[{"@type":"ListItem","position":1,"name":"Home","item":"https:\/\/palatodigital.com\/"},{"@type":"ListItem","position":2,"name":"Contacto"}]},{"@type":"WebSite","@id":"https:\/\/palatodigital.com\/#website","url":"https:\/\/palatodigital.com\/","name":"Palato Digital","description":"O sabor da inova\u00e7\u00e3o digital","publisher":{"@id":"https:\/\/palatodigital.com\/#organization"},"potentialAction":[{"@type":"SearchAction","target":{"@type":"EntryPoint","urlTemplate":"https:\/\/palatodigital.com\/?s={search_term_string}"},"query-input":{"@type":"PropertyValueSpecification","valueRequired":true,"valueName":"search_term_string"}}],"inLanguage":"en-GB"},{"@type":"Organization","@id":"https:\/\/palatodigital.com\/#organization","name":"Palato Digital","url":"https:\/\/palatodigital.com\/","logo":{"@type":"ImageObject","inLanguage":"en-GB","@id":"https:\/\/palatodigital.com\/#\/schema\/logo\/image\/","url":"https:\/\/palatodigital.com\/wp-content\/uploads\/2025\/11\/site_logo.png","contentUrl":"https:\/\/palatodigital.com\/wp-content\/uploads\/2025\/11\/site_logo.png","width":535,"height":54,"caption":"Palato Digital"},"image":{"@id":"https:\/\/palatodigital.com\/#\/schema\/logo\/image\/"},"sameAs":["https:\/\/www.facebook.com\/palatodigitalcom","https:\/\/www.instagram.com\/palatodigitalcom","https:\/\/www.linkedin.com\/company\/palatodigitalcom","https:\/\/www.behance.net\/palatodigitalcom"]}]}},"_links":{"self":[{"href":"https:\/\/palatodigital.com\/en\/wp-json\/wp\/v2\/pages\/490","targetHints":{"allow":["GET"]}}],"collection":[{"href":"https:\/\/palatodigital.com\/en\/wp-json\/wp\/v2\/pages"}],"about":[{"href":"https:\/\/palatodigital.com\/en\/wp-json\/wp\/v2\/types\/page"}],"author":[{"embeddable":true,"href":"https:\/\/palatodigital.com\/en\/wp-json\/wp\/v2\/users\/1"}],"replies":[{"embeddable":true,"href":"https:\/\/palatodigital.com\/en\/wp-json\/wp\/v2\/comments?post=490"}],"version-history":[{"count":19,"href":"https:\/\/palatodigital.com\/en\/wp-json\/wp\/v2\/pages\/490\/revisions"}],"predecessor-version":[{"id":634,"href":"https:\/\/palatodigital.com\/en\/wp-json\/wp\/v2\/pages\/490\/revisions\/634"}],"wp:attachment":[{"href":"https:\/\/palatodigital.com\/en\/wp-json\/wp\/v2\/media?parent=490"}],"curies":[{"name":"wp","href":"https:\/\/api.w.org\/{rel}","templated":true}]}}